{"id":1286,"date":"2022-09-22T08:26:18","date_gmt":"2022-09-22T06:26:18","guid":{"rendered":"https:\/\/metkazalaznikfurlani.si\/homepage\/"},"modified":"2025-11-11T14:59:09","modified_gmt":"2025-11-11T13:59:09","slug":"homepage","status":"publish","type":"page","link":"https:\/\/metkazalaznikfurlani.si\/en\/","title":{"rendered":"Homepage"},"content":{"rendered":"\t\t<div data-elementor-type=\"wp-page\" data-elementor-id=\"1286\" class=\"elementor elementor-1286 elementor-14\" data-elementor-post-type=\"page\">\n\t\t\t\t\t\t<section class=\"elementor-section elementor-top-section elementor-element elementor-element-4d4d19a elementor-section-boxed elementor-section-height-default elementor-section-height-default\" data-id=\"4d4d19a\" data-element_type=\"section\">\n\t\t\t\t\t\t<div class=\"elementor-container elementor-column-gap-default\">\n\t\t\t\t\t<div class=\"elementor-column elementor-col-100 elementor-top-column elementor-element elementor-element-898d2be\" data-id=\"898d2be\" data-element_type=\"column\">\n\t\t\t<div class=\"elementor-widget-wrap elementor-element-populated\">\n\t\t\t\t\t\t<section class=\"elementor-section elementor-inner-section elementor-element elementor-element-861fbac elementor-section-boxed elementor-section-height-default elementor-section-height-default\" data-id=\"861fbac\" data-element_type=\"section\">\n\t\t\t\t\t\t<div class=\"elementor-container elementor-column-gap-no\">\n\t\t\t\t\t<div class=\"elementor-column elementor-col-100 elementor-inner-column elementor-element elementor-element-d08916e\" data-id=\"d08916e\" data-element_type=\"column\">\n\t\t\t<div class=\"elementor-widget-wrap elementor-element-populated\">\n\t\t\t\t\t\t<div class=\"elementor-element elementor-element-c6aba8e elementor-widget__width-auto elementor-widget elementor-widget-image\" data-id=\"c6aba8e\" data-element_type=\"widget\" data-widget_type=\"image.default\">\n\t\t\t\t<div class=\"elementor-widget-container\">\n\t\t\t\t\t\t\t\t\t\t\t\t\t\t\t<img fetchpriority=\"high\" decoding=\"async\" width=\"8305\" height=\"6763\" src=\"https:\/\/metkazalaznikfurlani.si\/wp-content\/uploads\/2022\/09\/list-1.svg\" class=\"attachment-large size-large wp-image-496\" alt=\"\" \/>\t\t\t\t\t\t\t\t\t\t\t\t\t\t\t<\/div>\n\t\t\t\t<\/div>\n\t\t\t\t<div class=\"elementor-element elementor-element-3ab9d92 elementor-widget__width-auto elementor-widget elementor-widget-heading\" data-id=\"3ab9d92\" data-element_type=\"widget\" data-widget_type=\"heading.default\">\n\t\t\t\t<div class=\"elementor-widget-container\">\n\t\t\t\t\t<div class=\"elementor-heading-title elementor-size-default\">\u201c<\/div>\t\t\t\t<\/div>\n\t\t\t\t<\/div>\n\t\t\t\t<div class=\"elementor-element elementor-element-0c5ab83 elementor-widget__width-initial elementor-widget elementor-widget-heading\" data-id=\"0c5ab83\" data-element_type=\"widget\" data-widget_type=\"heading.default\">\n\t\t\t\t<div class=\"elementor-widget-container\">\n\t\t\t\t\t<div class=\"elementor-heading-title elementor-size-default\">It's hard for me to start. There are so many things I want to talk about ...   <\/div>\t\t\t\t<\/div>\n\t\t\t\t<\/div>\n\t\t\t\t\t<\/div>\n\t\t<\/div>\n\t\t\t\t\t<\/div>\n\t\t<\/section>\n\t\t\t\t<section class=\"elementor-section elementor-inner-section elementor-element elementor-element-23b7fe7 elementor-section-boxed elementor-section-height-default elementor-section-height-default\" data-id=\"23b7fe7\" data-element_type=\"section\">\n\t\t\t\t\t\t<div class=\"elementor-container elementor-column-gap-no\">\n\t\t\t\t\t<div class=\"elementor-column elementor-col-100 elementor-inner-column elementor-element elementor-element-4ac327f\" data-id=\"4ac327f\" data-element_type=\"column\">\n\t\t\t<div class=\"elementor-widget-wrap elementor-element-populated\">\n\t\t\t\t\t\t<div class=\"elementor-element elementor-element-0f717ae elementor-widget__width-auto elementor-widget elementor-widget-heading\" data-id=\"0f717ae\" data-element_type=\"widget\" data-widget_type=\"heading.default\">\n\t\t\t\t<div class=\"elementor-widget-container\">\n\t\t\t\t\t<div class=\"elementor-heading-title elementor-size-default\">\u201c<\/div>\t\t\t\t<\/div>\n\t\t\t\t<\/div>\n\t\t\t\t<div class=\"elementor-element elementor-element-c89703e elementor-widget__width-initial elementor-widget elementor-widget-heading\" data-id=\"c89703e\" data-element_type=\"widget\" data-widget_type=\"heading.default\">\n\t\t\t\t<div class=\"elementor-widget-container\">\n\t\t\t\t\t<div class=\"elementor-heading-title elementor-size-default\">I understand. Start anywhere. I believe we will find time for everything ...  <\/div>\t\t\t\t<\/div>\n\t\t\t\t<\/div>\n\t\t\t\t<div class=\"elementor-element elementor-element-3155d6b elementor-widget__width-auto elementor-widget elementor-widget-image\" data-id=\"3155d6b\" data-element_type=\"widget\" data-widget_type=\"image.default\">\n\t\t\t\t<div class=\"elementor-widget-container\">\n\t\t\t\t\t\t\t\t\t\t\t\t\t\t\t<img decoding=\"async\" width=\"3174\" height=\"2894\" src=\"https:\/\/metkazalaznikfurlani.si\/wp-content\/uploads\/2022\/09\/list-2.svg\" class=\"attachment-large size-large wp-image-498\" alt=\"\" \/>\t\t\t\t\t\t\t\t\t\t\t\t\t\t\t<\/div>\n\t\t\t\t<\/div>\n\t\t\t\t\t<\/div>\n\t\t<\/div>\n\t\t\t\t\t<\/div>\n\t\t<\/section>\n\t\t\t\t\t<\/div>\n\t\t<\/div>\n\t\t\t\t\t<\/div>\n\t\t<\/section>\n\t\t\t\t<section class=\"elementor-section elementor-top-section elementor-element elementor-element-d6dae0c elementor-reverse-tablet elementor-section-boxed elementor-section-height-default elementor-section-height-default\" data-id=\"d6dae0c\" data-element_type=\"section\" data-settings=\"{&quot;background_background&quot;:&quot;classic&quot;}\">\n\t\t\t\t\t\t<div class=\"elementor-container elementor-column-gap-default\">\n\t\t\t\t\t<div class=\"elementor-column elementor-col-50 elementor-top-column elementor-element elementor-element-5f7bc35\" data-id=\"5f7bc35\" data-element_type=\"column\">\n\t\t\t<div class=\"elementor-widget-wrap elementor-element-populated\">\n\t\t\t\t\t\t<div class=\"elementor-element elementor-element-78ff248 elementor-absolute elementor-widget elementor-widget-image\" data-id=\"78ff248\" data-element_type=\"widget\" data-settings=\"{&quot;_position&quot;:&quot;absolute&quot;}\" data-widget_type=\"image.default\">\n\t\t\t\t<div class=\"elementor-widget-container\">\n\t\t\t\t\t\t\t\t\t\t\t\t\t\t\t<img decoding=\"async\" width=\"800\" height=\"637\" src=\"https:\/\/metkazalaznikfurlani.si\/wp-content\/uploads\/2022\/09\/metka-furlani.webp\" class=\"attachment-large size-large wp-image-420\" alt=\"Metka Furlani\" srcset=\"https:\/\/metkazalaznikfurlani.si\/wp-content\/uploads\/2022\/09\/metka-furlani.webp 1000w, https:\/\/metkazalaznikfurlani.si\/wp-content\/uploads\/2022\/09\/metka-furlani-300x239.webp 300w, https:\/\/metkazalaznikfurlani.si\/wp-content\/uploads\/2022\/09\/metka-furlani-768x611.webp 768w\" sizes=\"(max-width: 800px) 100vw, 800px\" \/>\t\t\t\t\t\t\t\t\t\t\t\t\t\t\t<\/div>\n\t\t\t\t<\/div>\n\t\t\t\t\t<\/div>\n\t\t<\/div>\n\t\t\t\t<div class=\"elementor-column elementor-col-50 elementor-top-column elementor-element elementor-element-2180828\" data-id=\"2180828\" data-element_type=\"column\">\n\t\t\t<div class=\"elementor-widget-wrap elementor-element-populated\">\n\t\t\t\t\t\t<div class=\"elementor-element elementor-element-68b4049 elementor-widget elementor-widget-heading\" data-id=\"68b4049\" data-element_type=\"widget\" data-widget_type=\"heading.default\">\n\t\t\t\t<div class=\"elementor-widget-container\">\n\t\t\t\t\t<h2 class=\"elementor-heading-title elementor-size-default\">Welcome!<\/h2>\t\t\t\t<\/div>\n\t\t\t\t<\/div>\n\t\t\t\t<div class=\"elementor-element elementor-element-eaa303c elementor-widget elementor-widget-text-editor\" data-id=\"eaa303c\" data-element_type=\"widget\" data-widget_type=\"text-editor.default\">\n\t\t\t\t<div class=\"elementor-widget-container\">\n\t\t\t\t\t\t\t\t\t<p><span style=\"font-weight: 400;\">Although working on oneself through psychotherapy is still considered a privilege today, it should be accessible to everyone in our society. Having an hour a week, at least once a week, dedicated exclusively to you, and having a place where you can explore and change your rich inner world with the help of a psychotherapist, is precious for you and for the people around you. Knowing yourself and acting in harmony with yourself is the key to a good quality of life.  <\/span><\/p>\n<p><strong><span style=\"font-weight: 400;\"><strong>Life wants us to do what is right for us.<\/strong><\/span><\/strong><\/p>\n<p><span style=\"font-weight: 400;\">To be in touch with ourselves, our feelings, desires and needs, to explore them, to reframe and change them with new insights, and to grow. When we have ourselves, we can enter into fulfilling relationships with others independently and decide the path we want to follow.  S kom in na kak\u0161en na\u010din \u017eelimo iti.<\/span><\/p>\t\t\t\t\t\t\t\t<\/div>\n\t\t\t\t<\/div>\n\t\t\t\t<div class=\"elementor-element elementor-element-e03d07f elementor-mobile-align-center elementor-widget elementor-widget-button\" data-id=\"e03d07f\" data-element_type=\"widget\" data-widget_type=\"button.default\">\n\t\t\t\t<div class=\"elementor-widget-container\">\n\t\t\t\t\t\t\t\t\t<div class=\"elementor-button-wrapper\">\n\t\t\t\t\t<a class=\"elementor-button elementor-button-link elementor-size-sm\" href=\"https:\/\/metkazalaznikfurlani.si\/en\/contact-and-appointment\/\">\n\t\t\t\t\t\t<span class=\"elementor-button-content-wrapper\">\n\t\t\t\t\t\t\t\t\t<span class=\"elementor-button-text\">Choose for yourself<\/span>\n\t\t\t\t\t<\/span>\n\t\t\t\t\t<\/a>\n\t\t\t\t<\/div>\n\t\t\t\t\t\t\t\t<\/div>\n\t\t\t\t<\/div>\n\t\t\t\t\t<\/div>\n\t\t<\/div>\n\t\t\t\t\t<\/div>\n\t\t<\/section>\n\t\t\t\t<section class=\"elementor-section elementor-top-section elementor-element elementor-element-d50be27 elementor-section-boxed elementor-section-height-default elementor-section-height-default\" data-id=\"d50be27\" data-element_type=\"section\" data-settings=\"{&quot;background_background&quot;:&quot;classic&quot;}\">\n\t\t\t\t\t\t<div class=\"elementor-container elementor-column-gap-default\">\n\t\t\t\t\t<div class=\"elementor-column elementor-col-100 elementor-top-column elementor-element elementor-element-7dff8d7\" data-id=\"7dff8d7\" data-element_type=\"column\">\n\t\t\t<div class=\"elementor-widget-wrap elementor-element-populated\">\n\t\t\t\t\t\t<section class=\"elementor-section elementor-inner-section elementor-element elementor-element-7bea1b1 elementor-section-boxed elementor-section-height-default elementor-section-height-default\" data-id=\"7bea1b1\" data-element_type=\"section\" data-settings=\"{&quot;background_background&quot;:&quot;classic&quot;}\">\n\t\t\t\t\t\t<div class=\"elementor-container elementor-column-gap-default\">\n\t\t\t\t\t<div class=\"elementor-column elementor-col-100 elementor-inner-column elementor-element elementor-element-6525391\" data-id=\"6525391\" data-element_type=\"column\">\n\t\t\t<div class=\"elementor-widget-wrap elementor-element-populated\">\n\t\t\t\t\t\t<div class=\"elementor-element elementor-element-f6d7440 elementor-widget elementor-widget-heading\" data-id=\"f6d7440\" data-element_type=\"widget\" data-widget_type=\"heading.default\">\n\t\t\t\t<div class=\"elementor-widget-container\">\n\t\t\t\t\t<h2 class=\"elementor-heading-title elementor-size-default\">I CAN WALK THIS PATH WITH YOU<\/h2>\t\t\t\t<\/div>\n\t\t\t\t<\/div>\n\t\t\t\t<div class=\"elementor-element elementor-element-1fb622f elementor-widget elementor-widget-text-editor\" data-id=\"1fb622f\" data-element_type=\"widget\" data-widget_type=\"text-editor.default\">\n\t\t\t\t<div class=\"elementor-widget-container\">\n\t\t\t\t\t\t\t\t\t<p>With more than 20 years of experience of working on myself and helping others, I have witnessed changes in individuals that confirm to me over and over again how invaluable it is to take time for yourself and work on yourself. Izpopolnjeno \u017eivljenje je mirno in lepo \u017eivljenje. When we live it ourselves, we also have a positive impact on our neighbours and other people around us.<\/p>\n<p>I offer you a safe therapeutic space where all feelings are allowed and no one will judge you. I offer you all the time you need.<\/p>\n<p>I do not promise you quick changes, because it takes time to change the way we feel and experience ourselves and the world. But I promise you that when the changes come, they will be permanent. <\/p>\n<p><em>YOU CAN DECIDE FOR YOURSELF EVERY MOMENT<\/em><\/p>\t\t\t\t\t\t\t\t<\/div>\n\t\t\t\t<\/div>\n\t\t\t\t<div class=\"elementor-element elementor-element-89430fc elementor-align-center elementor-widget elementor-widget-button\" data-id=\"89430fc\" data-element_type=\"widget\" data-widget_type=\"button.default\">\n\t\t\t\t<div class=\"elementor-widget-container\">\n\t\t\t\t\t\t\t\t\t<div class=\"elementor-button-wrapper\">\n\t\t\t\t\t<a class=\"elementor-button elementor-button-link elementor-size-sm\" href=\"https:\/\/metkazalaznikfurlani.si\/en\/about-me\/\">\n\t\t\t\t\t\t<span class=\"elementor-button-content-wrapper\">\n\t\t\t\t\t\t\t\t\t<span class=\"elementor-button-text\">Get to know me<\/span>\n\t\t\t\t\t<\/span>\n\t\t\t\t\t<\/a>\n\t\t\t\t<\/div>\n\t\t\t\t\t\t\t\t<\/div>\n\t\t\t\t<\/div>\n\t\t\t\t\t<\/div>\n\t\t<\/div>\n\t\t\t\t\t<\/div>\n\t\t<\/section>\n\t\t\t\t\t<\/div>\n\t\t<\/div>\n\t\t\t\t\t<\/div>\n\t\t<\/section>\n\t\t\t\t<\/div>\n\t\t","protected":false},"excerpt":{"rendered":"<p>\u201c It&#8217;s hard for me to start. There are so many things I want to talk about &#8230; \u201c I understand. Start anywhere. I believe we will find time for everything &#8230; Welcome! Although working on oneself through psychotherapy is still considered a privilege today, it should be accessible to everyone in our society. Having [&hellip;]<\/p>\n","protected":false},"author":1,"featured_media":0,"parent":0,"menu_order":0,"comment_status":"closed","ping_status":"closed","template":"elementor_header_footer","meta":{"footnotes":""},"class_list":["post-1286","page","type-page","status-publish","hentry"],"yoast_head":"<!-- This site is optimized with the Yoast SEO plugin v25.7 - https:\/\/yoast.com\/wordpress\/plugins\/seo\/ -->\n<title>Private psychotherapy practice in Kranj - Metka Zalaznik Furlani%<\/title>\n<meta name=\"description\" content=\"Private psychotherapy practice in Kranj. Psychotherapy is a process that takes place between the therapist and the client using various verbal and non-verbal methods and techniques.\" \/>\n<meta name=\"robots\" content=\"index, follow, max-snippet:-1, max-image-preview:large, max-video-preview:-1\" \/>\n<link rel=\"canonical\" href=\"https:\/\/metkazalaznikfurlani.si\/en\/\" \/>\n<meta property=\"og:locale\" content=\"en_US\" \/>\n<meta property=\"og:type\" content=\"article\" \/>\n<meta property=\"og:title\" content=\"Private psychotherapy practice in Kranj - Metka Zalaznik Furlani%\" \/>\n<meta property=\"og:description\" content=\"Private psychotherapy practice in Kranj. Psychotherapy is a process that takes place between the therapist and the client using various verbal and non-verbal methods and techniques.\" \/>\n<meta property=\"og:url\" content=\"https:\/\/metkazalaznikfurlani.si\/en\/\" \/>\n<meta property=\"og:site_name\" content=\"Metka Zalaznik Furlani\" \/>\n<meta property=\"article:publisher\" content=\"https:\/\/www.facebook.com\/profile.php?id=100041276996893\" \/>\n<meta property=\"article:modified_time\" content=\"2025-11-11T13:59:09+00:00\" \/>\n<meta name=\"twitter:card\" content=\"summary_large_image\" \/>\n<meta name=\"twitter:label1\" content=\"Est. reading time\" \/>\n\t<meta name=\"twitter:data1\" content=\"2 minutes\" \/>\n<script type=\"application\/ld+json\" class=\"yoast-schema-graph\">{\"@context\":\"https:\/\/schema.org\",\"@graph\":[{\"@type\":\"WebPage\",\"@id\":\"https:\/\/metkazalaznikfurlani.si\/en\/\",\"url\":\"https:\/\/metkazalaznikfurlani.si\/en\/\",\"name\":\"Private psychotherapy practice in Kranj - Metka Zalaznik Furlani%\",\"isPartOf\":{\"@id\":\"https:\/\/metkazalaznikfurlani.si\/en\/#website\"},\"primaryImageOfPage\":{\"@id\":\"https:\/\/metkazalaznikfurlani.si\/en\/#primaryimage\"},\"image\":{\"@id\":\"https:\/\/metkazalaznikfurlani.si\/en\/#primaryimage\"},\"thumbnailUrl\":\"https:\/\/metkazalaznikfurlani.si\/wp-content\/uploads\/2022\/09\/list-1.svg\",\"datePublished\":\"2022-09-22T06:26:18+00:00\",\"dateModified\":\"2025-11-11T13:59:09+00:00\",\"description\":\"Private psychotherapy practice in Kranj. Psychotherapy is a process that takes place between the therapist and the client using various verbal and non-verbal methods and techniques.\",\"breadcrumb\":{\"@id\":\"https:\/\/metkazalaznikfurlani.si\/en\/#breadcrumb\"},\"inLanguage\":\"en-US\",\"potentialAction\":[{\"@type\":\"ReadAction\",\"target\":[\"https:\/\/metkazalaznikfurlani.si\/en\/\"]}]},{\"@type\":\"ImageObject\",\"inLanguage\":\"en-US\",\"@id\":\"https:\/\/metkazalaznikfurlani.si\/en\/#primaryimage\",\"url\":\"https:\/\/metkazalaznikfurlani.si\/wp-content\/uploads\/2022\/09\/list-1.svg\",\"contentUrl\":\"https:\/\/metkazalaznikfurlani.si\/wp-content\/uploads\/2022\/09\/list-1.svg\"},{\"@type\":\"BreadcrumbList\",\"@id\":\"https:\/\/metkazalaznikfurlani.si\/en\/#breadcrumb\",\"itemListElement\":[{\"@type\":\"ListItem\",\"position\":1,\"name\":\"Home\",\"item\":\"https:\/\/metkazalaznikfurlani.si\/en\/homepage\/\"},{\"@type\":\"ListItem\",\"position\":2,\"name\":\"Homepage\"}]},{\"@type\":\"WebSite\",\"@id\":\"https:\/\/metkazalaznikfurlani.si\/en\/#website\",\"url\":\"https:\/\/metkazalaznikfurlani.si\/en\/\",\"name\":\"Metka Zalaznik Furlani\",\"description\":\"Zasebna psihoterapevtska praksa Ljubljana\",\"publisher\":{\"@id\":\"https:\/\/metkazalaznikfurlani.si\/en\/#organization\"},\"potentialAction\":[{\"@type\":\"SearchAction\",\"target\":{\"@type\":\"EntryPoint\",\"urlTemplate\":\"https:\/\/metkazalaznikfurlani.si\/en\/?s={search_term_string}\"},\"query-input\":{\"@type\":\"PropertyValueSpecification\",\"valueRequired\":true,\"valueName\":\"search_term_string\"}}],\"inLanguage\":\"en-US\"},{\"@type\":\"Organization\",\"@id\":\"https:\/\/metkazalaznikfurlani.si\/en\/#organization\",\"name\":\"Metka Furlani - Zasebna psihoterapevtska praksa Ljubljana\",\"url\":\"https:\/\/metkazalaznikfurlani.si\/en\/\",\"logo\":{\"@type\":\"ImageObject\",\"inLanguage\":\"en-US\",\"@id\":\"https:\/\/metkazalaznikfurlani.si\/en\/#\/schema\/logo\/image\/\",\"url\":\"https:\/\/metkazalaznikfurlani.si\/wp-content\/uploads\/2025\/08\/metka-zalaznik-furlani-logo.svg\",\"contentUrl\":\"https:\/\/metkazalaznikfurlani.si\/wp-content\/uploads\/2025\/08\/metka-zalaznik-furlani-logo.svg\",\"width\":2680,\"height\":963,\"caption\":\"Metka Furlani - Zasebna psihoterapevtska praksa Ljubljana\"},\"image\":{\"@id\":\"https:\/\/metkazalaznikfurlani.si\/en\/#\/schema\/logo\/image\/\"},\"sameAs\":[\"https:\/\/www.facebook.com\/profile.php?id=100041276996893\",\"https:\/\/www.linkedin.com\/in\/metka-furlani-25b4398\/\"]}]}<\/script>\n<!-- \/ Yoast SEO plugin. -->","yoast_head_json":{"title":"Private psychotherapy practice in Kranj - Metka Zalaznik Furlani%","description":"Private psychotherapy practice in Kranj. Psychotherapy is a process that takes place between the therapist and the client using various verbal and non-verbal methods and techniques.","robots":{"index":"index","follow":"follow","max-snippet":"max-snippet:-1","max-image-preview":"max-image-preview:large","max-video-preview":"max-video-preview:-1"},"canonical":"https:\/\/metkazalaznikfurlani.si\/en\/","og_locale":"en_US","og_type":"article","og_title":"Private psychotherapy practice in Kranj - Metka Zalaznik Furlani%","og_description":"Private psychotherapy practice in Kranj. Psychotherapy is a process that takes place between the therapist and the client using various verbal and non-verbal methods and techniques.","og_url":"https:\/\/metkazalaznikfurlani.si\/en\/","og_site_name":"Metka Zalaznik Furlani","article_publisher":"https:\/\/www.facebook.com\/profile.php?id=100041276996893","article_modified_time":"2025-11-11T13:59:09+00:00","twitter_card":"summary_large_image","twitter_misc":{"Est. reading time":"2 minutes"},"schema":{"@context":"https:\/\/schema.org","@graph":[{"@type":"WebPage","@id":"https:\/\/metkazalaznikfurlani.si\/en\/","url":"https:\/\/metkazalaznikfurlani.si\/en\/","name":"Private psychotherapy practice in Kranj - Metka Zalaznik Furlani%","isPartOf":{"@id":"https:\/\/metkazalaznikfurlani.si\/en\/#website"},"primaryImageOfPage":{"@id":"https:\/\/metkazalaznikfurlani.si\/en\/#primaryimage"},"image":{"@id":"https:\/\/metkazalaznikfurlani.si\/en\/#primaryimage"},"thumbnailUrl":"https:\/\/metkazalaznikfurlani.si\/wp-content\/uploads\/2022\/09\/list-1.svg","datePublished":"2022-09-22T06:26:18+00:00","dateModified":"2025-11-11T13:59:09+00:00","description":"Private psychotherapy practice in Kranj. Psychotherapy is a process that takes place between the therapist and the client using various verbal and non-verbal methods and techniques.","breadcrumb":{"@id":"https:\/\/metkazalaznikfurlani.si\/en\/#breadcrumb"},"inLanguage":"en-US","potentialAction":[{"@type":"ReadAction","target":["https:\/\/metkazalaznikfurlani.si\/en\/"]}]},{"@type":"ImageObject","inLanguage":"en-US","@id":"https:\/\/metkazalaznikfurlani.si\/en\/#primaryimage","url":"https:\/\/metkazalaznikfurlani.si\/wp-content\/uploads\/2022\/09\/list-1.svg","contentUrl":"https:\/\/metkazalaznikfurlani.si\/wp-content\/uploads\/2022\/09\/list-1.svg"},{"@type":"BreadcrumbList","@id":"https:\/\/metkazalaznikfurlani.si\/en\/#breadcrumb","itemListElement":[{"@type":"ListItem","position":1,"name":"Home","item":"https:\/\/metkazalaznikfurlani.si\/en\/homepage\/"},{"@type":"ListItem","position":2,"name":"Homepage"}]},{"@type":"WebSite","@id":"https:\/\/metkazalaznikfurlani.si\/en\/#website","url":"https:\/\/metkazalaznikfurlani.si\/en\/","name":"Metka Zalaznik Furlani","description":"Zasebna psihoterapevtska praksa Ljubljana","publisher":{"@id":"https:\/\/metkazalaznikfurlani.si\/en\/#organization"},"potentialAction":[{"@type":"SearchAction","target":{"@type":"EntryPoint","urlTemplate":"https:\/\/metkazalaznikfurlani.si\/en\/?s={search_term_string}"},"query-input":{"@type":"PropertyValueSpecification","valueRequired":true,"valueName":"search_term_string"}}],"inLanguage":"en-US"},{"@type":"Organization","@id":"https:\/\/metkazalaznikfurlani.si\/en\/#organization","name":"Metka Furlani - Zasebna psihoterapevtska praksa Ljubljana","url":"https:\/\/metkazalaznikfurlani.si\/en\/","logo":{"@type":"ImageObject","inLanguage":"en-US","@id":"https:\/\/metkazalaznikfurlani.si\/en\/#\/schema\/logo\/image\/","url":"https:\/\/metkazalaznikfurlani.si\/wp-content\/uploads\/2025\/08\/metka-zalaznik-furlani-logo.svg","contentUrl":"https:\/\/metkazalaznikfurlani.si\/wp-content\/uploads\/2025\/08\/metka-zalaznik-furlani-logo.svg","width":2680,"height":963,"caption":"Metka Furlani - Zasebna psihoterapevtska praksa Ljubljana"},"image":{"@id":"https:\/\/metkazalaznikfurlani.si\/en\/#\/schema\/logo\/image\/"},"sameAs":["https:\/\/www.facebook.com\/profile.php?id=100041276996893","https:\/\/www.linkedin.com\/in\/metka-furlani-25b4398\/"]}]}},"_links":{"self":[{"href":"https:\/\/metkazalaznikfurlani.si\/en\/wp-json\/wp\/v2\/pages\/1286","targetHints":{"allow":["GET"]}}],"collection":[{"href":"https:\/\/metkazalaznikfurlani.si\/en\/wp-json\/wp\/v2\/pages"}],"about":[{"href":"https:\/\/metkazalaznikfurlani.si\/en\/wp-json\/wp\/v2\/types\/page"}],"author":[{"embeddable":true,"href":"https:\/\/metkazalaznikfurlani.si\/en\/wp-json\/wp\/v2\/users\/1"}],"replies":[{"embeddable":true,"href":"https:\/\/metkazalaznikfurlani.si\/en\/wp-json\/wp\/v2\/comments?post=1286"}],"version-history":[{"count":22,"href":"https:\/\/metkazalaznikfurlani.si\/en\/wp-json\/wp\/v2\/pages\/1286\/revisions"}],"predecessor-version":[{"id":1977,"href":"https:\/\/metkazalaznikfurlani.si\/en\/wp-json\/wp\/v2\/pages\/1286\/revisions\/1977"}],"wp:attachment":[{"href":"https:\/\/metkazalaznikfurlani.si\/en\/wp-json\/wp\/v2\/media?parent=1286"}],"curies":[{"name":"wp","href":"https:\/\/api.w.org\/{rel}","templated":true}]}}